{"id":884,"date":"2024-06-13T11:21:11","date_gmt":"2024-06-13T09:21:11","guid":{"rendered":"https:\/\/institut-secours.fr\/?page_id=884"},"modified":"2024-06-15T22:54:37","modified_gmt":"2024-06-15T20:54:37","slug":"aide-au-massage-cardiaque","status":"publish","type":"page","link":"https:\/\/institut-secours.fr\/index.php\/aide-au-massage-cardiaque\/","title":{"rendered":"Aide au massage cardiaque"},"content":{"rendered":"\n<p>Le dispositif d\u2019aide au massage cardiaque a \u00e9t\u00e9 sp\u00e9cialement con\u00e7u pour apporter une assistance rapide et efficace lors des situations d&rsquo;urgence cardiaque. Simple \u00e0 positionner, il vous permet d&rsquo;agir de mani\u00e8re efficace et confiante lorsque chaque seconde compte. Son m\u00e9canisme intuitif assure une compression thoracique pr\u00e9cise et optimale en attendant les secours, permettant de maintenir une vie en effectuant un massage correct selon les directives du Conseil Europ\u00e9en de R\u00e9animation.<br>Compact et portable, le dispositif est parfaitement adapt\u00e9 \u00e0 une utilisation dans divers environnements \u00e0 domicile, sur le lieu de travail, ou dans des situations d&rsquo;urgence en ext\u00e9rieur.<\/p>\n\n\n\n<figure class=\"wp-block-image size-large\"><img decoding=\"async\" loading=\"lazy\" width=\"834\" height=\"1024\" src=\"http:\/\/institut-secours.fr\/wp-content\/uploads\/2024\/06\/aide-respiratoire-834x1024.jpg\" alt=\"\" class=\"wp-image-895\" srcset=\"https:\/\/institut-secours.fr\/wp-content\/uploads\/2024\/06\/aide-respiratoire-834x1024.jpg 834w, https:\/\/institut-secours.fr\/wp-content\/uploads\/2024\/06\/aide-respiratoire-244x300.jpg 244w, https:\/\/institut-secours.fr\/wp-content\/uploads\/2024\/06\/aide-respiratoire-768x943.jpg 768w, https:\/\/institut-secours.fr\/wp-content\/uploads\/2024\/06\/aide-respiratoire.jpg 1000w\" sizes=\"(max-width: 834px) 100vw, 834px\" \/><\/figure>\n\n\n\n<div class=\"is-content-justification-center is-layout-flex wp-container-1 wp-block-buttons\">\n<div class=\"wp-block-button\"><a class=\"wp-block-button__link wp-element-button\" href=\"https:\/\/massage-cardiaque.fr\/\" target=\"_blank\" rel=\"noreferrer noopener\">Voir le site de notre partenaire<\/a><\/div>\n<\/div>\n","protected":false},"excerpt":{"rendered":"<p>Le dispositif d\u2019aide au massage cardiaque a \u00e9t\u00e9 sp\u00e9cialement con\u00e7u pour apporter une assistance rapide et efficace lors des situations d&rsquo;urgence cardiaque. Simple \u00e0 positionner, il vous permet d&rsquo;agir de mani\u00e8re efficace et confiante lorsque chaque seconde compte. Son m\u00e9canisme intuitif assure une compression thoracique pr\u00e9cise et optimale en attendant les secours, permettant de maintenir &hellip; <a href=\"https:\/\/institut-secours.fr\/index.php\/aide-au-massage-cardiaque\/\" class=\"more-link\">Continuer la lecture de <span class=\"screen-reader-text\">Aide au massage cardiaque<\/span><\/a><\/p>\n","protected":false},"author":1,"featured_media":0,"parent":0,"menu_order":0,"comment_status":"closed","ping_status":"closed","template":"","meta":[],"_links":{"self":[{"href":"https:\/\/institut-secours.fr\/index.php\/wp-json\/wp\/v2\/pages\/884"}],"collection":[{"href":"https:\/\/institut-secours.fr\/index.php\/wp-json\/wp\/v2\/pages"}],"about":[{"href":"https:\/\/institut-secours.fr\/index.php\/wp-json\/wp\/v2\/types\/page"}],"author":[{"embeddable":true,"href":"https:\/\/institut-secours.fr\/index.php\/wp-json\/wp\/v2\/users\/1"}],"replies":[{"embeddable":true,"href":"https:\/\/institut-secours.fr\/index.php\/wp-json\/wp\/v2\/comments?post=884"}],"version-history":[{"count":6,"href":"https:\/\/institut-secours.fr\/index.php\/wp-json\/wp\/v2\/pages\/884\/revisions"}],"predecessor-version":[{"id":902,"href":"https:\/\/institut-secours.fr\/index.php\/wp-json\/wp\/v2\/pages\/884\/revisions\/902"}],"wp:attachment":[{"href":"https:\/\/institut-secours.fr\/index.php\/wp-json\/wp\/v2\/media?parent=884"}],"curies":[{"name":"wp","href":"https:\/\/api.w.org\/{rel}","templated":true}]}}