{"id":811,"date":"2023-10-20T14:22:50","date_gmt":"2023-10-20T12:22:50","guid":{"rendered":"https:\/\/institut-secours.fr\/?page_id=811"},"modified":"2023-10-20T19:25:30","modified_gmt":"2023-10-20T17:25:30","slug":"formulaire-de-reclamation","status":"publish","type":"page","link":"https:\/\/institut-secours.fr\/index.php\/formulaire-de-reclamation\/","title":{"rendered":"Formulaire de r\u00e9clamation"},"content":{"rendered":"\n<p>Vous avez particip\u00e9 \u00e0 l\u2019une de nos formations et vous avez \u00e9t\u00e9 confront\u00e9 \u00e0 un incident ou un dysfonctionnement lors de la r\u00e9alisation de cette formation.<\/p>\n\n\n\n<p>Afin de nous faire remonter vos remarques, nous vous invitons donc \u00e0 compl\u00e9ter notre formulaire en cliquant sur le lien ci-dessous : <\/p>\n\n\n\n<div class=\"wp-block-file\"><object class=\"wp-block-file__embed\" data=\"https:\/\/institut-secours.fr\/wp-content\/uploads\/2023\/10\/2023_ENR008-08_Formulaire-de-reclamation.pdf\" type=\"application\/pdf\" style=\"width:100%;height:600px\" aria-label=\"Contenu embarqu\u00e9 Formulaire de r\u00e9clamation : .\"><\/object><a id=\"wp-block-file--media-abcaa758-2cbf-4b16-b93b-65ec8409daf5\" href=\"https:\/\/institut-secours.fr\/wp-content\/uploads\/2023\/10\/2023_ENR008-08_Formulaire-de-reclamation.pdf\">Formulaire de r\u00e9clamation : <\/a><a href=\"https:\/\/institut-secours.fr\/wp-content\/uploads\/2023\/10\/2023_ENR008-08_Formulaire-de-reclamation.pdf\" class=\"wp-block-file__button wp-element-button\" download aria-describedby=\"wp-block-file--media-abcaa758-2cbf-4b16-b93b-65ec8409daf5\">T\u00e9l\u00e9charger<\/a><\/div>\n\n\n\n<p>Une fois compl\u00e9t\u00e9, vous pouvez transmettre le formulaire par courriel ou \u00e0 l\u2019adresse suivante :<\/p>\n\n\n\n<p class=\"has-text-align-center\"><strong>Institut des Premiers Secours<br>Madame Priscilla MARY<br>62 Rue de Soissons<br>60800 CREPY-EN-VALOIS<\/strong><\/p>\n\n\n\n<p><em>Selon le R\u00e9f\u00e9rentiel National Qualit\u00e9 , une \u00ab\u00a0r\u00e9clamation\u00a0\u00bb consiste en une action visant \u00e0 faire respecter un droit ou \u00e0 demander une chose due, recueillie par \u00e9crit\u00a0\u00bb<\/em><\/p>\n","protected":false},"excerpt":{"rendered":"<p>Vous avez particip\u00e9 \u00e0 l\u2019une de nos formations et vous avez \u00e9t\u00e9 confront\u00e9 \u00e0 un incident ou un dysfonctionnement lors de la r\u00e9alisation de cette formation. Afin de nous faire remonter vos remarques, nous vous invitons donc \u00e0 compl\u00e9ter notre formulaire en cliquant sur le lien ci-dessous : Une fois compl\u00e9t\u00e9, vous pouvez transmettre le &hellip; <a href=\"https:\/\/institut-secours.fr\/index.php\/formulaire-de-reclamation\/\" class=\"more-link\">Continuer la lecture de <span class=\"screen-reader-text\">Formulaire de r\u00e9clamation<\/span><\/a><\/p>\n","protected":false},"author":1,"featured_media":0,"parent":0,"menu_order":0,"comment_status":"closed","ping_status":"closed","template":"","meta":[],"_links":{"self":[{"href":"https:\/\/institut-secours.fr\/index.php\/wp-json\/wp\/v2\/pages\/811"}],"collection":[{"href":"https:\/\/institut-secours.fr\/index.php\/wp-json\/wp\/v2\/pages"}],"about":[{"href":"https:\/\/institut-secours.fr\/index.php\/wp-json\/wp\/v2\/types\/page"}],"author":[{"embeddable":true,"href":"https:\/\/institut-secours.fr\/index.php\/wp-json\/wp\/v2\/users\/1"}],"replies":[{"embeddable":true,"href":"https:\/\/institut-secours.fr\/index.php\/wp-json\/wp\/v2\/comments?post=811"}],"version-history":[{"count":7,"href":"https:\/\/institut-secours.fr\/index.php\/wp-json\/wp\/v2\/pages\/811\/revisions"}],"predecessor-version":[{"id":825,"href":"https:\/\/institut-secours.fr\/index.php\/wp-json\/wp\/v2\/pages\/811\/revisions\/825"}],"wp:attachment":[{"href":"https:\/\/institut-secours.fr\/index.php\/wp-json\/wp\/v2\/media?parent=811"}],"curies":[{"name":"wp","href":"https:\/\/api.w.org\/{rel}","templated":true}]}}