{"id":776,"date":"2023-10-19T13:01:12","date_gmt":"2023-10-19T11:01:12","guid":{"rendered":"https:\/\/institut-secours.fr\/?page_id=776"},"modified":"2023-10-19T13:39:01","modified_gmt":"2023-10-19T11:39:01","slug":"prap","status":"publish","type":"page","link":"https:\/\/institut-secours.fr\/index.php\/prap\/","title":{"rendered":"PRAP-Page en cours de construction"},"content":{"rendered":"\n<p>La formation PRAP IBC implique de par sa nature un engagement de l\u2019encadrement ou de l\u2019employeur dans cette d\u00e9marche de pr\u00e9vention globale, car elle peut conduire \u00e0 des modifications organisationnelles, techniques ou humaines dans l\u2019entreprise.<\/p>\n","protected":false},"excerpt":{"rendered":"<p>La formation PRAP IBC implique de par sa nature un engagement de l\u2019encadrement ou de l\u2019employeur dans cette d\u00e9marche de pr\u00e9vention globale, car elle peut conduire \u00e0 des modifications organisationnelles, techniques ou humaines dans l\u2019entreprise.<\/p>\n","protected":false},"author":1,"featured_media":0,"parent":0,"menu_order":0,"comment_status":"closed","ping_status":"closed","template":"","meta":[],"_links":{"self":[{"href":"https:\/\/institut-secours.fr\/index.php\/wp-json\/wp\/v2\/pages\/776"}],"collection":[{"href":"https:\/\/institut-secours.fr\/index.php\/wp-json\/wp\/v2\/pages"}],"about":[{"href":"https:\/\/institut-secours.fr\/index.php\/wp-json\/wp\/v2\/types\/page"}],"author":[{"embeddable":true,"href":"https:\/\/institut-secours.fr\/index.php\/wp-json\/wp\/v2\/users\/1"}],"replies":[{"embeddable":true,"href":"https:\/\/institut-secours.fr\/index.php\/wp-json\/wp\/v2\/comments?post=776"}],"version-history":[{"count":3,"href":"https:\/\/institut-secours.fr\/index.php\/wp-json\/wp\/v2\/pages\/776\/revisions"}],"predecessor-version":[{"id":806,"href":"https:\/\/institut-secours.fr\/index.php\/wp-json\/wp\/v2\/pages\/776\/revisions\/806"}],"wp:attachment":[{"href":"https:\/\/institut-secours.fr\/index.php\/wp-json\/wp\/v2\/media?parent=776"}],"curies":[{"name":"wp","href":"https:\/\/api.w.org\/{rel}","templated":true}]}}