{"id":761,"date":"2023-10-06T14:12:00","date_gmt":"2023-10-06T12:12:00","guid":{"rendered":"https:\/\/institut-secours.fr\/?page_id=761"},"modified":"2023-10-19T12:58:14","modified_gmt":"2023-10-19T10:58:14","slug":"acteur-prevention-secours","status":"publish","type":"page","link":"https:\/\/institut-secours.fr\/index.php\/acteur-prevention-secours\/","title":{"rendered":"Acteur Pr\u00e9vention Secours &#8211; Aide Soin \u00e0 Domicile"},"content":{"rendered":"\n<p>L&rsquo;Acteur en Pr\u00e9vention Secours du secteur de l\u2019Aide et du Soin \u00e0 Domicile inclue l\u2019accompagnement de la mobilit\u00e9 de la personne aid\u00e9e, en prenant soin de l\u2019autre et de soi. Tout intervenant \u00e0 domicile peut devenir APS ASD, sans pr\u00e9requis particulier.<\/p>\n\n\n\n<p>En devenant acteur pr\u00e9vention secours (APS), le salari\u00e9 au sein d\u2019une structure d\u2019aide et de soin \u00e0 domicile int\u00e8gre la pr\u00e9vention dans ses activit\u00e9s d\u2019intervenant \u00e0 domicile et participe, par ses remont\u00e9es d\u2019information, \u00e0 toute d\u00e9marche de pr\u00e9vention engag\u00e9e dans la structure.<\/p>\n\n\n\n<p>En particulier, parce que cela fait partie de son c\u0153ur d\u2019activit\u00e9, il accompagne la mobilit\u00e9 des b\u00e9n\u00e9ficiaires sans se substituer \u00e0 eux dans leurs d\u00e9placements et en se pr\u00e9servant de contraintes physiques.<\/p>\n\n\n\n<p><strong>Comment se passe cette formation&nbsp;?<\/strong><\/p>\n\n\n\n<p>La dur\u00e9e de formation de l\u2019APS ASD est de 32 heures non cons\u00e9cutives (dont 10 heures pour la partie \u00ab&nbsp;secours&nbsp;\u00bb et 22 heures pour la partie \u00ab&nbsp;pr\u00e9vention&nbsp;\u00bb qui int\u00e8gre l\u2019 \u00ab&nbsp;accompagnement de la mobilit\u00e9 de la personne aid\u00e9e&nbsp;\u00bb (ALM). La formation dite \u00ab&nbsp;formation-action&nbsp;\u00bb se d\u00e9roule avec un temps d\u2019application dans la structure estim\u00e9 \u00e0 4 heures. <em>Elle se r\u00e9alise \u00e0 l&rsquo;aide d&rsquo;un OF habilit\u00e9 par l&rsquo;INRS partenaire de l&rsquo;Institut des Premiers Secours.<\/em><br><\/p>\n\n\n\n<p>Tous les 24 mois, l\u2019APS ASD doit suivre une formation d\u2019une dur\u00e9e de 14 heures, lui permettant de maintenir et actualiser ses comp\u00e9tences. \u00c0 cette occasion, ses comp\u00e9tences sont de nouveau \u00e9valu\u00e9es.\u00a0<\/p>\n\n\n\n<p>Pour toute demande de programme ou d&rsquo;information, <a href=\"mailto:contact@institut-secours.fr\" data-type=\"mailto\" data-id=\"mailto:contact@institut-secours.fr\" target=\"_blank\" rel=\"noreferrer noopener\">nous contacter.<\/a><\/p>\n","protected":false},"excerpt":{"rendered":"<p>L&rsquo;Acteur en Pr\u00e9vention Secours du secteur de l\u2019Aide et du Soin \u00e0 Domicile inclue l\u2019accompagnement de la mobilit\u00e9 de la personne aid\u00e9e, en prenant soin de l\u2019autre et de soi. Tout intervenant \u00e0 domicile peut devenir APS ASD, sans pr\u00e9requis particulier. En devenant acteur pr\u00e9vention secours (APS), le salari\u00e9 au sein d\u2019une structure d\u2019aide et &hellip; <a href=\"https:\/\/institut-secours.fr\/index.php\/acteur-prevention-secours\/\" class=\"more-link\">Continuer la lecture de <span class=\"screen-reader-text\">Acteur Pr\u00e9vention Secours &#8211; Aide Soin \u00e0 Domicile<\/span><\/a><\/p>\n","protected":false},"author":1,"featured_media":0,"parent":0,"menu_order":0,"comment_status":"closed","ping_status":"closed","template":"","meta":[],"_links":{"self":[{"href":"https:\/\/institut-secours.fr\/index.php\/wp-json\/wp\/v2\/pages\/761"}],"collection":[{"href":"https:\/\/institut-secours.fr\/index.php\/wp-json\/wp\/v2\/pages"}],"about":[{"href":"https:\/\/institut-secours.fr\/index.php\/wp-json\/wp\/v2\/types\/page"}],"author":[{"embeddable":true,"href":"https:\/\/institut-secours.fr\/index.php\/wp-json\/wp\/v2\/users\/1"}],"replies":[{"embeddable":true,"href":"https:\/\/institut-secours.fr\/index.php\/wp-json\/wp\/v2\/comments?post=761"}],"version-history":[{"count":5,"href":"https:\/\/institut-secours.fr\/index.php\/wp-json\/wp\/v2\/pages\/761\/revisions"}],"predecessor-version":[{"id":775,"href":"https:\/\/institut-secours.fr\/index.php\/wp-json\/wp\/v2\/pages\/761\/revisions\/775"}],"wp:attachment":[{"href":"https:\/\/institut-secours.fr\/index.php\/wp-json\/wp\/v2\/media?parent=761"}],"curies":[{"name":"wp","href":"https:\/\/api.w.org\/{rel}","templated":true}]}}