{"id":743,"date":"2023-10-04T11:34:08","date_gmt":"2023-10-04T09:34:08","guid":{"rendered":"http:\/\/institut-secours.fr\/?page_id=743"},"modified":"2026-02-17T13:53:57","modified_gmt":"2026-02-17T12:53:57","slug":"formations-sst","status":"publish","type":"page","link":"https:\/\/institut-secours.fr\/index.php\/formations-sst\/","title":{"rendered":"Formations initiales SST \/ MAC SST"},"content":{"rendered":"\n<p class=\"has-text-align-center\">Notre prochaine formation SST <strong>en inter-entreprise<\/strong> est d\u00e9j\u00e0 planifi\u00e9e !<\/p>\n\n\n\n<div class=\"is-content-justification-center is-layout-flex wp-container-1 wp-block-buttons\">\n<div class=\"wp-block-button\"><a class=\"wp-block-button__link wp-element-button\" href=\"mailto:contact@institut-secours.fr\" target=\"_blank\" rel=\"noreferrer noopener\">Faire une demande d&rsquo;inscription<\/a><\/div>\n<\/div>\n\n\n\n<p>Nous proposons deux types de formation SST, une formation initiale de 2 jours (14 heures en pr\u00e9sentiel uniquement) et une journ\u00e9e de mise \u00e0 jour des comp\u00e9tences (MAC SST) de 7 heures en pr\u00e9sentiel uniquement (Hors pauses). Le contenu des programmes est accessible ci-dessous.<\/p>\n\n\n\n<div class=\"is-content-justification-center is-layout-flex wp-container-2 wp-block-buttons\">\n<div class=\"wp-block-button\"><a class=\"wp-block-button__link wp-element-button\">Recyclage SST (MAC SST)<\/a><\/div>\n\n\n\n<div class=\"wp-block-button\"><a class=\"wp-block-button__link wp-element-button\">Formation Initiale SST<\/a><\/div>\n<\/div>\n\n\n\n<p><\/p>\n\n\n\n<p>L&rsquo;Arr\u00eat\u00e9 du 5 d\u00e9cembre 2002 relatif \u00e0 la prise en compte des acquis pour les titulaires du certificat de sauveteur-secouriste du travail et pour les titulaires de l&rsquo;attestation de formation aux premiers secours pr\u00e9cise dans quels cas, les \u00e9quivalences des dipl\u00f4mes PSC1 (certificat pr\u00e9vention et secours civiques de niveau 1) et SST (sauveteur secouriste du travail) existent. <\/p>\n\n\n\n<p>A noter que l&rsquo;\u00e9quivalence entre le SST et le PSC1 est \u00e0 sens unique, sous r\u00e9serve que le SST soit \u00e0 jour de sa formation continue.<\/p>\n","protected":false},"excerpt":{"rendered":"<p>Notre prochaine formation SST en inter-entreprise est d\u00e9j\u00e0 planifi\u00e9e ! Nous proposons deux types de formation SST, une formation initiale de 2 jours (14 heures en pr\u00e9sentiel uniquement) et une journ\u00e9e de mise \u00e0 jour des comp\u00e9tences (MAC SST) de 7 heures en pr\u00e9sentiel uniquement (Hors pauses). Le contenu des programmes est accessible ci-dessous. L&rsquo;Arr\u00eat\u00e9 &hellip; <a href=\"https:\/\/institut-secours.fr\/index.php\/formations-sst\/\" class=\"more-link\">Continuer la lecture de <span class=\"screen-reader-text\">Formations initiales SST \/ MAC SST<\/span><\/a><\/p>\n","protected":false},"author":1,"featured_media":0,"parent":0,"menu_order":0,"comment_status":"closed","ping_status":"closed","template":"","meta":[],"_links":{"self":[{"href":"https:\/\/institut-secours.fr\/index.php\/wp-json\/wp\/v2\/pages\/743"}],"collection":[{"href":"https:\/\/institut-secours.fr\/index.php\/wp-json\/wp\/v2\/pages"}],"about":[{"href":"https:\/\/institut-secours.fr\/index.php\/wp-json\/wp\/v2\/types\/page"}],"author":[{"embeddable":true,"href":"https:\/\/institut-secours.fr\/index.php\/wp-json\/wp\/v2\/users\/1"}],"replies":[{"embeddable":true,"href":"https:\/\/institut-secours.fr\/index.php\/wp-json\/wp\/v2\/comments?post=743"}],"version-history":[{"count":8,"href":"https:\/\/institut-secours.fr\/index.php\/wp-json\/wp\/v2\/pages\/743\/revisions"}],"predecessor-version":[{"id":971,"href":"https:\/\/institut-secours.fr\/index.php\/wp-json\/wp\/v2\/pages\/743\/revisions\/971"}],"wp:attachment":[{"href":"https:\/\/institut-secours.fr\/index.php\/wp-json\/wp\/v2\/media?parent=743"}],"curies":[{"name":"wp","href":"https:\/\/api.w.org\/{rel}","templated":true}]}}