{"id":548,"date":"2022-03-07T13:34:22","date_gmt":"2022-03-07T12:34:22","guid":{"rendered":"http:\/\/institut-secours.fr\/?page_id=548"},"modified":"2022-03-07T13:37:30","modified_gmt":"2022-03-07T12:37:30","slug":"accessibilite-handicap","status":"publish","type":"page","link":"https:\/\/institut-secours.fr\/index.php\/accessibilite-handicap\/","title":{"rendered":"Accessibilit\u00e9 -Handicap"},"content":{"rendered":"\n<p>L\u2019objectif de l&rsquo;Institut des Premiers Secours est de favoriser l\u2019accueil des personnes handicap\u00e9es en milieu ordinaire de formation, afin d\u2018\u00e9lever leur niveau de qualification et d\u2019adapter leurs comp\u00e9tences en vue d\u2019une insertion professionnelle durable.<\/p>\n\n\n\n<h3>Adaptation p\u00e9dagogique\u200b<\/h3>\n\n\n\n<p class=\"has-text-align-left\"><strong>Les quatre grands types d\u2019adaptations p\u00e9dagogiques pouvant \u00eatre mis en place au sein de l&rsquo;Institut des Premiers Secours :<\/strong><\/p>\n\n\n\n<p><strong>Les rythmes<\/strong><\/p>\n\n\n\n<ol><li>Rythme sur la journ\u00e9e, la semaine, la totalit\u00e9 de la formation<\/li><li>Besoin de pauses<\/li><li>Gestion des absences<\/li><\/ol>\n\n\n\n<p>\u200b\u200b<strong>Contenus, supports, m\u00e9thodologie, outils<\/strong><\/p>\n\n\n\n<ol><li>Accessibilit\u00e9 des supports p\u00e9dagogique.<\/li><li>Choix des m\u00e9thodes adapt\u00e9es aux capacit\u00e9s des stagiaires<\/li><\/ol>\n\n\n\n<p>\u200b\u200b<strong>\u00c9valuation<\/strong><\/p>\n\n\n\n<ol><li>Accessibilit\u00e9 des supports d\u2019\u00e9valuation<\/li><li>Adaptation du temps<\/li><\/ol>\n\n\n\n<p>\u200b\u200b<strong>Environnement mat\u00e9riel et social<\/strong><\/p>\n\n\n\n<ol><li>Accessibilit\u00e9 des locaux (\u00e0 l\u2019externe et dans nos locaux)<\/li><li>Utilisation de Mat\u00e9riel adapt\u00e9<\/li><li>Equipe\/groupe sensibilit\u00e9<\/li><\/ol>\n\n\n\n<p><\/p>\n\n\n\n<p>De par le\u00a0<strong>principe de non-discrimination<\/strong>\u00a0inscrit dans la constitution, les candidats b\u00e9n\u00e9ficiaires de la\u00a0<strong>Loi du 11 f\u00e9vrier 2005<\/strong>\u00a0 b\u00e9n\u00e9ficient des m\u00eames conditions d\u2019entr\u00e9es (pr\u00e9requis, statut\u2026) et de traitement que les autres personnes en formation.<\/p>\n\n\n\n<p class=\"has-text-align-left\">Toutefois, ce principe ne suffisant pas toujours \u00e0 garantir une r\u00e9alisation satisfaisante des parcours, des aides sp\u00e9cifiques peuvent au cas par cas \u00eatre propos\u00e9es aux b\u00e9n\u00e9ficiaires en situation de formation (financement des adaptions p\u00e9dagogiques, aides humaines et techniques\u2026) afin de compenser les difficult\u00e9s li\u00e9es au handicap et de r\u00e9tablir ainsi l\u2019\u00e9galit\u00e9 des droits et des chances dans la r\u00e9ussite du parcours vers l\u2019insertion professionnelle.<\/p>\n","protected":false},"excerpt":{"rendered":"<p>L\u2019objectif de l&rsquo;Institut des Premiers Secours est de favoriser l\u2019accueil des personnes handicap\u00e9es en milieu ordinaire de formation, afin d\u2018\u00e9lever leur niveau de qualification et d\u2019adapter leurs comp\u00e9tences en vue d\u2019une insertion professionnelle durable. Adaptation p\u00e9dagogique\u200b Les quatre grands types d\u2019adaptations p\u00e9dagogiques pouvant \u00eatre mis en place au sein de l&rsquo;Institut des Premiers Secours : &hellip; <a href=\"https:\/\/institut-secours.fr\/index.php\/accessibilite-handicap\/\" class=\"more-link\">Continuer la lecture de <span class=\"screen-reader-text\">Accessibilit\u00e9 -Handicap<\/span><\/a><\/p>\n","protected":false},"author":1,"featured_media":0,"parent":0,"menu_order":0,"comment_status":"closed","ping_status":"closed","template":"","meta":[],"_links":{"self":[{"href":"https:\/\/institut-secours.fr\/index.php\/wp-json\/wp\/v2\/pages\/548"}],"collection":[{"href":"https:\/\/institut-secours.fr\/index.php\/wp-json\/wp\/v2\/pages"}],"about":[{"href":"https:\/\/institut-secours.fr\/index.php\/wp-json\/wp\/v2\/types\/page"}],"author":[{"embeddable":true,"href":"https:\/\/institut-secours.fr\/index.php\/wp-json\/wp\/v2\/users\/1"}],"replies":[{"embeddable":true,"href":"https:\/\/institut-secours.fr\/index.php\/wp-json\/wp\/v2\/comments?post=548"}],"version-history":[{"count":2,"href":"https:\/\/institut-secours.fr\/index.php\/wp-json\/wp\/v2\/pages\/548\/revisions"}],"predecessor-version":[{"id":552,"href":"https:\/\/institut-secours.fr\/index.php\/wp-json\/wp\/v2\/pages\/548\/revisions\/552"}],"wp:attachment":[{"href":"https:\/\/institut-secours.fr\/index.php\/wp-json\/wp\/v2\/media?parent=548"}],"curies":[{"name":"wp","href":"https:\/\/api.w.org\/{rel}","templated":true}]}}