{"id":440,"date":"2021-03-07T11:36:21","date_gmt":"2021-03-07T10:36:21","guid":{"rendered":"http:\/\/institut-secours.fr\/?page_id=440"},"modified":"2021-03-07T11:54:56","modified_gmt":"2021-03-07T10:54:56","slug":"secours-60","status":"publish","type":"page","link":"https:\/\/institut-secours.fr\/index.php\/secours-60\/","title":{"rendered":"Secours 60 :  DPS &#038; Assistance m\u00e9dicale \u00e9v\u00e8nementielle"},"content":{"rendered":"\n<div class=\"is-layout-flex wp-block-buttons\">\n<div class=\"wp-block-button is-style-fill\"><a class=\"wp-block-button__link\" href=\"http:\/\/www.secours60.fr\">En savoir plus<\/a><\/div>\n<\/div>\n\n\n\n<p><\/p>\n","protected":false},"excerpt":{"rendered":"","protected":false},"author":1,"featured_media":0,"parent":0,"menu_order":0,"comment_status":"closed","ping_status":"closed","template":"","meta":[],"_links":{"self":[{"href":"https:\/\/institut-secours.fr\/index.php\/wp-json\/wp\/v2\/pages\/440"}],"collection":[{"href":"https:\/\/institut-secours.fr\/index.php\/wp-json\/wp\/v2\/pages"}],"about":[{"href":"https:\/\/institut-secours.fr\/index.php\/wp-json\/wp\/v2\/types\/page"}],"author":[{"embeddable":true,"href":"https:\/\/institut-secours.fr\/index.php\/wp-json\/wp\/v2\/users\/1"}],"replies":[{"embeddable":true,"href":"https:\/\/institut-secours.fr\/index.php\/wp-json\/wp\/v2\/comments?post=440"}],"version-history":[{"count":6,"href":"https:\/\/institut-secours.fr\/index.php\/wp-json\/wp\/v2\/pages\/440\/revisions"}],"predecessor-version":[{"id":463,"href":"https:\/\/institut-secours.fr\/index.php\/wp-json\/wp\/v2\/pages\/440\/revisions\/463"}],"wp:attachment":[{"href":"https:\/\/institut-secours.fr\/index.php\/wp-json\/wp\/v2\/media?parent=440"}],"curies":[{"name":"wp","href":"https:\/\/api.w.org\/{rel}","templated":true}]}}